{"id":1544,"date":"2023-02-09T22:57:24","date_gmt":"2023-02-09T22:57:24","guid":{"rendered":"https:\/\/rollback.communist-party.ca\/?page_id=1544"},"modified":"2024-05-16T21:30:24","modified_gmt":"2024-05-16T21:30:24","slug":"campaign","status":"publish","type":"page","link":"https:\/\/rollback.communist-party.ca\/fr\/campaign\/","title":{"rendered":"Demands"},"content":{"rendered":"<div data-elementor-type=\"wp-page\" data-elementor-id=\"1544\" class=\"elementor elementor-1544\">\n\t\t\t\t\t\t<section class=\"elementor-section elementor-top-section elementor-element elementor-element-5bca213 elementor-section-height-min-height elementor-section-boxed elementor-section-height-default elementor-section-items-middle\" data-id=\"5bca213\" data-element_type=\"section\" data-settings=\"{&quot;background_background&quot;:&quot;classic&quot;}\">\n\t\t\t\t\t\t\t<div class=\"elementor-background-overlay\"><\/div>\n\t\t\t\t\t\t\t<div class=\"elementor-container elementor-column-gap-default\">\n\t\t\t\t\t<div class=\"elementor-column elementor-col-100 elementor-top-column elementor-element elementor-element-b666a8d\" data-id=\"b666a8d\" data-element_type=\"column\" data-settings=\"{&quot;background_background&quot;:&quot;classic&quot;}\">\n\t\t\t<div class=\"elementor-widget-wrap elementor-element-populated\">\n\t\t\t\t\t\t<div class=\"elementor-element elementor-element-5b6a036 elementor-widget elementor-widget-heading\" data-id=\"5b6a036\" data-element_type=\"widget\" data-widget_type=\"heading.default\">\n\t\t\t\t<div class=\"elementor-widget-container\">\n\t\t\t<h1 class=\"elementor-heading-title elementor-size-default\">DEMANDS<\/h1>\t\t<\/div>\n\t\t\t\t<\/div>\n\t\t\t\t\t<\/div>\n\t\t<\/div>\n\t\t\t\t\t<\/div>\n\t\t<\/section>\n\t\t\t\t<section class=\"elementor-section elementor-top-section elementor-element elementor-element-b01f20f elementor-section-boxed elementor-section-height-default elementor-section-height-default\" data-id=\"b01f20f\" data-element_type=\"section\">\n\t\t\t\t\t\t<div class=\"elementor-container elementor-column-gap-default\">\n\t\t\t\t\t<div class=\"elementor-column elementor-col-100 elementor-top-column elementor-element elementor-element-b4f1912\" data-id=\"b4f1912\" data-element_type=\"column\">\n\t\t\t<div class=\"elementor-widget-wrap elementor-element-populated\">\n\t\t\t\t\t\t<div class=\"elementor-element elementor-element-af4153e elementor-widget elementor-widget-heading\" data-id=\"af4153e\" data-element_type=\"widget\" data-widget_type=\"heading.default\">\n\t\t\t\t<div class=\"elementor-widget-container\">\n\t\t\t<h2 class=\"elementor-heading-title elementor-size-default\">FOR PEOPLE AND THE PLANET!<\/h2>\t\t<\/div>\n\t\t\t\t<\/div>\n\t\t\t\t<div class=\"elementor-element elementor-element-8eaab2b elementor-widget elementor-widget-text-editor\" data-id=\"8eaab2b\" data-element_type=\"widget\" data-widget_type=\"text-editor.default\">\n\t\t\t\t<div class=\"elementor-widget-container\">\n\t\t\t\t\t\t\t<ul><li>Cut military spending by 75% and convert to civilian spending and universal social programs<\/li><li>Get out of NATO and NORAD, end all arms exports including to Israel, and adopt an independent Canadian foreign policy of peace and disarmament<\/li><li>Develop an emergency plan to reduce emissions to net zero now<\/li><li>Nationalize energy and natural resources and transition to renewable energy now<\/li><li>Build public transit including inter-city rail<\/li><li>Curb corporate power and profits:<ul><li>Roll back prices on food, fuel and housing<\/li><li>Double corporate taxes; close tax loopholes and tax havens<\/li><li>Build public and social housing; and enact strict rent control legislation reducing rents to 20% of income across Canada<\/li><li>Cancel free trade deals and enact multi-lateral and fair trade with all countries<\/li><li>Create value added jobs and raise wages and living standards<\/li><\/ul><\/li><\/ul>\t\t\t\t\t\t<\/div>\n\t\t\t\t<\/div>\n\t\t\t\t<div class=\"elementor-element elementor-element-5338e3b elementor-widget elementor-widget-heading\" data-id=\"5338e3b\" data-element_type=\"widget\" data-widget_type=\"heading.default\">\n\t\t\t\t<div class=\"elementor-widget-container\">\n\t\t\t<h2 class=\"elementor-heading-title elementor-size-default\">FOR REAL CHANGE: A PEOPLE'S COALITION<\/h2>\t\t<\/div>\n\t\t\t\t<\/div>\n\t\t\t\t<div class=\"elementor-element elementor-element-94137ec elementor-widget elementor-widget-text-editor\" data-id=\"94137ec\" data-element_type=\"widget\" data-widget_type=\"text-editor.default\">\n\t\t\t\t<div class=\"elementor-widget-container\">\n\t\t\t\t\t\t\t<p>The Liberals and Tories oppose these demands and will fight to block them. They represent Big Business &#8211; including the arms industry and the military in Canada. <br \/>Les banques canadiennes ont \u00e9galement engrang\u00e9 57 milliards de dollars de b\u00e9n\u00e9fices l\u2019ann\u00e9e derni\u00e8re, distribuant 19 milliards de dollars aux cadres sup\u00e9rieurs, tandis que les propri\u00e9taires d\u2019entreprises et l\u2019industrie du gaz et du p\u00e9trole ont \u00e9galement affich\u00e9 des b\u00e9n\u00e9fices records.<\/p><p>\u00a0<\/p><p><span style=\"font-style: inherit; font-weight: inherit; font-family: var( --e-global-typography-ce08b52-font-family ), Sans-serif; letter-spacing: var( --e-global-typography-ce08b52-letter-spacing ); word-spacing: var( --e-global-typography-ce08b52-word-spacing ); background-color: var(--ast-global-color-5); color: var(--ast-global-color-3);\">Working people need to unite and to fight together for these policies to win real change. A People\u2019s Coalition comprised of the labour and democratic movements, the Communist Party, and others who agree with these policies, can mobilize working people across Canada to secure big gains.<\/span><\/p>\t\t\t\t\t\t<\/div>\n\t\t\t\t<\/div>\n\t\t\t\t\t<\/div>\n\t\t<\/div>\n\t\t\t\t\t<\/div>\n\t\t<\/section>\n\t\t\t\t<\/div>","protected":false},"excerpt":{"rendered":"<p>DEMANDS FOR PEOPLE AND THE PLANET! Cut military spending by 75% and convert to civilian spending and universal social programs Get out of NATO and NORAD, end all arms exports including to Israel, and adopt an independent Canadian foreign policy of peace and disarmament Develop an emergency plan to reduce emissions to net zero now [&hellip;]<\/p>","protected":false},"author":2,"featured_media":0,"parent":0,"menu_order":0,"comment_status":"closed","ping_status":"closed","template":"","meta":{"site-sidebar-layout":"no-sidebar","site-content-layout":"page-builder","ast-site-content-layout":"full-width-container","site-content-style":"unboxed","site-sidebar-style":"unboxed","ast-global-header-display":"","ast-banner-title-visibility":"","ast-main-header-display":"","ast-hfb-above-header-display":"","ast-hfb-below-header-display":"","ast-hfb-mobile-header-display":"","site-post-title":"disabled","ast-breadcrumbs-content":"","ast-featured-img":"disabled","footer-sml-layout":"","theme-transparent-header-meta":"","adv-header-id-meta":"","stick-header-meta":"","header-above-stick-meta":"","header-main-stick-meta":"","header-below-stick-meta":"","astra-migrate-meta-layouts":"set","ast-page-background-enabled":"default","ast-page-background-meta":{"desktop":{"background-color":"var(--ast-global-color-4)","background-image":"","background-repeat":"repeat","background-position":"center center","background-size":"auto","background-attachment":"scroll","background-type":"","background-media":"","overlay-type":"","overlay-color":"","overlay-opacity":"","overlay-gradient":""},"tablet":{"background-color":"","background-image":"","background-repeat":"repeat","background-position":"center center","background-size":"auto","background-attachment":"scroll","background-type":"","background-media":"","overlay-type":"","overlay-color":"","overlay-opacity":"","overlay-gradient":""},"mobile":{"background-color":"","background-image":"","background-repeat":"repeat","background-position":"center center","background-size":"auto","background-attachment":"scroll","background-type":"","background-media":"","overlay-type":"","overlay-color":"","overlay-opacity":"","overlay-gradient":""}},"ast-content-background-meta":{"desktop":{"background-color":"var(--ast-global-color-5)","background-image":"","background-repeat":"repeat","background-position":"center center","background-size":"auto","background-attachment":"scroll","background-type":"","background-media":"","overlay-type":"","overlay-color":"","overlay-opacity":"","overlay-gradient":""},"tablet":{"background-color":"var(--ast-global-color-5)","background-image":"","background-repeat":"repeat","background-position":"center center","background-size":"auto","background-attachment":"scroll","background-type":"","background-media":"","overlay-type":"","overlay-color":"","overlay-opacity":"","overlay-gradient":""},"mobile":{"background-color":"var(--ast-global-color-5)","background-image":"","background-repeat":"repeat","background-position":"center center","background-size":"auto","background-attachment":"scroll","background-type":"","background-media":"","overlay-type":"","overlay-color":"","overlay-opacity":"","overlay-gradient":""}},"footnotes":""},"class_list":["post-1544","page","type-page","status-publish","hentry"],"rttpg_featured_image_url":null,"rttpg_author":{"display_name":"gia","author_link":"https:\/\/rollback.communist-party.ca\/fr\/author\/gia\/"},"rttpg_comment":0,"rttpg_category":null,"rttpg_excerpt":"DEMANDS FOR PEOPLE AND THE PLANET! Cut military spending by 75% and convert to civilian spending and universal social programs Get out of NATO and NORAD, end all arms exports including to Israel, and adopt an independent Canadian foreign policy of peace and disarmament Develop an emergency plan to reduce emissions to net zero now&hellip;","_links":{"self":[{"href":"https:\/\/rollback.communist-party.ca\/fr\/wp-json\/wp\/v2\/pages\/1544","targetHints":{"allow":["GET"]}}],"collection":[{"href":"https:\/\/rollback.communist-party.ca\/fr\/wp-json\/wp\/v2\/pages"}],"about":[{"href":"https:\/\/rollback.communist-party.ca\/fr\/wp-json\/wp\/v2\/types\/page"}],"author":[{"embeddable":true,"href":"https:\/\/rollback.communist-party.ca\/fr\/wp-json\/wp\/v2\/users\/2"}],"replies":[{"embeddable":true,"href":"https:\/\/rollback.communist-party.ca\/fr\/wp-json\/wp\/v2\/comments?post=1544"}],"version-history":[{"count":38,"href":"https:\/\/rollback.communist-party.ca\/fr\/wp-json\/wp\/v2\/pages\/1544\/revisions"}],"predecessor-version":[{"id":2005,"href":"https:\/\/rollback.communist-party.ca\/fr\/wp-json\/wp\/v2\/pages\/1544\/revisions\/2005"}],"wp:attachment":[{"href":"https:\/\/rollback.communist-party.ca\/fr\/wp-json\/wp\/v2\/media?parent=1544"}],"curies":[{"name":"wp","href":"https:\/\/api.w.org\/{rel}","templated":true}]}}